{"id":2232,"date":"2025-11-20T21:14:27","date_gmt":"2025-11-20T20:14:27","guid":{"rendered":"https:\/\/www.costin-media.de\/index.php\/hillstar"},"modified":"2025-11-25T22:03:09","modified_gmt":"2025-11-25T21:03:09","slug":"hillstar","status":"publish","type":"page","link":"https:\/\/www.costin-media.de\/","title":{"rendered":"costin-media"},"content":{"rendered":"<div data-colibri-id=\"2232-c1\" class=\"style-247 style-local-2232-c1 position-relative\">\n  <!---->\n  <div data-colibri-component=\"section\" data-colibri-id=\"2232-c2\" id=\"features-3\" class=\"h-section h-section-global-spacing d-flex align-items-lg-center align-items-md-center align-items-center style-297 style-local-2232-c2 position-relative\">\n    <!---->\n    <!---->\n    <div class=\"h-section-grid-container h-section-boxed-container\">\n      <div data-colibri-id=\"2232-c16\" class=\"h-row-container gutters-row-lg-2 gutters-row-md-2 gutters-row-2 gutters-row-v-lg-2 gutters-row-v-md-2 gutters-row-v-2 style-305 style-local-2232-c16 position-relative\">\n        <!---->\n        <div class=\"h-row justify-content-lg-center justify-content-md-center justify-content-center align-items-lg-stretch align-items-md-stretch align-items-stretch gutters-col-lg-2 gutters-col-md-2 gutters-col-2 gutters-col-v-lg-2 gutters-col-v-md-2 gutters-col-v-2\">\n          <!---->\n          <div class=\"h-column h-column-container d-flex h-col-lg-auto h-col-md-auto h-col-auto style-306-outer style-local-2232-c17-outer\">\n            <div data-colibri-id=\"2232-c17\" class=\"d-flex h-flex-basis h-column__inner h-px-lg-2 h-px-md-2 h-px-2 v-inner-lg-2 v-inner-md-2 v-inner-2 style-306 style-local-2232-c17 position-relative\">\n              <!---->\n              <!---->\n              <div class=\"w-100 h-y-container h-column__content h-column__v-align flex-basis-100 align-self-lg-start align-self-md-start align-self-start\">\n                <!---->\n                <div data-colibri-id=\"2232-c18\" class=\"h-global-transition-all h-heading style-307 style-local-2232-c18 position-relative h-element\">\n                  <!---->\n                  <div class=\"h-heading__outer style-307 style-local-2232-c18\">\n                    <!---->\n                    <!---->\n                    <h2 class=\"\">A few things we&#8217;re great at<\/h2>\n                  <\/div>\n                <\/div>\n              <\/div>\n            <\/div>\n          <\/div>\n        <\/div>\n      <\/div>\n      <div data-colibri-id=\"2232-c3\" class=\"h-row-container gutters-row-lg-2 gutters-row-md-2 gutters-row-2 gutters-row-v-lg-2 gutters-row-v-md-2 gutters-row-v-2 style-298 style-local-2232-c3 position-relative\">\n        <!---->\n        <div class=\"h-row justify-content-lg-center justify-content-md-center justify-content-center align-items-lg-stretch align-items-md-stretch align-items-stretch gutters-col-lg-2 gutters-col-md-2 gutters-col-2 gutters-col-v-lg-2 gutters-col-v-md-2 gutters-col-v-2\">\n          <!---->\n          <div class=\"h-column h-column-container d-flex h-col-lg-4 h-col-md-6 h-col-12 style-299-outer style-local-2232-c4-outer\">\n            <div data-colibri-id=\"2232-c4\" class=\"d-flex h-flex-basis h-column__inner h-px-lg-0 h-px-md-0 h-px-0 v-inner-lg-0 v-inner-md-0 v-inner-0 style-299 style-local-2232-c4 position-relative\">\n              <!---->\n              <!---->\n              <div class=\"w-100 h-y-container h-column__content h-column__v-align flex-basis-100 align-self-lg-start align-self-md-start align-self-start\">\n                <!---->\n                <div data-colibri-id=\"2232-c5\" class=\"d-block style-300 style-local-2232-c5 position-relative h-element\">\n                  <!---->\n                  <div class=\"h-image__frame-container-outer\">\n                    <div class=\"h-image__frame-container\">\n                      <!---->\n                      <!---->\n                      <img loading=\"lazy\" decoding=\"async\" width=\"2560\" height=\"1921\" src=\"http:\/\/www.costin-media.de\/wp-content\/uploads\/2020\/08\/cropped-83D5C6F3-693A-4B04-A683-CF3442C4A6F1-scaled.jpeg\" class=\"wp-image-2574 style-300-image style-local-2232-c5-image\" alt=\"\" srcset=\"https:\/\/www.costin-media.de\/wp-content\/uploads\/2020\/08\/cropped-83D5C6F3-693A-4B04-A683-CF3442C4A6F1-scaled.jpeg 2560w, https:\/\/www.costin-media.de\/wp-content\/uploads\/2020\/08\/cropped-83D5C6F3-693A-4B04-A683-CF3442C4A6F1-300x225.jpeg 300w, https:\/\/www.costin-media.de\/wp-content\/uploads\/2020\/08\/cropped-83D5C6F3-693A-4B04-A683-CF3442C4A6F1-1024x768.jpeg 1024w, https:\/\/www.costin-media.de\/wp-content\/uploads\/2020\/08\/cropped-83D5C6F3-693A-4B04-A683-CF3442C4A6F1-768x576.jpeg 768w, https:\/\/www.costin-media.de\/wp-content\/uploads\/2020\/08\/cropped-83D5C6F3-693A-4B04-A683-CF3442C4A6F1-1536x1152.jpeg 1536w, https:\/\/www.costin-media.de\/wp-content\/uploads\/2020\/08\/cropped-83D5C6F3-693A-4B04-A683-CF3442C4A6F1-2048x1536.jpeg 2048w, https:\/\/www.costin-media.de\/wp-content\/uploads\/2020\/08\/cropped-83D5C6F3-693A-4B04-A683-CF3442C4A6F1-1440x1080.jpeg 1440w\" sizes=\"(max-width: 2560px) 100vw, 2560px\" \/>\n                      <div class=\"h-image__frame h-hide-lg h-hide-md h-hide-sm style-300-frameImage style-local-2232-c5-frameImage\"><\/div>\n                    <\/div>\n                  <\/div>\n                <\/div>\n                <div data-colibri-id=\"2232-c6\" class=\"h-global-transition-all h-heading style-301 style-local-2232-c6 position-relative h-element\">\n                  <!---->\n                  <div class=\"h-heading__outer style-301 style-local-2232-c6\">\n                    <!---->\n                    <!---->\n                    <h4 class=\"\">Erfahrung, die z\u00e4hlt:<\/h4>\n                  <\/div>\n                <\/div>\n                <div data-colibri-id=\"2232-c7\" class=\"h-text h-text-component style-302 style-local-2232-c7 position-relative h-element\">\n                  <!---->\n                  <!---->\n                  <div class=\"\">\n                    <p>\u00dcber zwei Jahrzehnte in der Branche bedeuten Routine in komplexen Situationen und ein geschultes Auge f\u00fcr die perfekte Einstellung. Wir sind nicht nur Regisseur oder Kameramann, sondern auch Ihr technischer Berater f\u00fcr die gesamte\n                      Filmproduktion.<\/p>\n                    <p>\n                      <br>\n                    <\/p>\n                  <\/div>\n                <\/div>\n              <\/div>\n            <\/div>\n          <\/div>\n          <div class=\"h-column h-column-container d-flex h-col-lg-4 h-col-md-6 h-col-12 style-299-outer style-local-2232-c8-outer\">\n            <div data-colibri-id=\"2232-c8\" class=\"d-flex h-flex-basis h-column__inner h-px-lg-0 h-px-md-0 h-px-0 v-inner-lg-0 v-inner-md-0 v-inner-0 style-299 style-local-2232-c8 position-relative\">\n              <!---->\n              <!---->\n              <div class=\"w-100 h-y-container h-column__content h-column__v-align flex-basis-100 align-self-lg-start align-self-md-start align-self-start\">\n                <!---->\n                <div data-colibri-id=\"2232-c9\" class=\"d-block style-300 style-local-2232-c9 position-relative h-element\">\n                  <!---->\n                  <div class=\"h-image__frame-container-outer\">\n                    <div class=\"h-image__frame-container\">\n                      <!---->\n                      <!---->\n                      <img loading=\"lazy\" decoding=\"async\" width=\"2560\" height=\"1980\" src=\"http:\/\/www.costin-media.de\/wp-content\/uploads\/2020\/08\/cropped-B81CAE02-59E6-487F-901C-D69623704ACC-scaled.jpeg\" class=\"wp-image-2568 style-300-image style-local-2232-c9-image\" alt=\"\" srcset=\"https:\/\/www.costin-media.de\/wp-content\/uploads\/2020\/08\/cropped-B81CAE02-59E6-487F-901C-D69623704ACC-scaled.jpeg 2560w, https:\/\/www.costin-media.de\/wp-content\/uploads\/2020\/08\/cropped-B81CAE02-59E6-487F-901C-D69623704ACC-300x232.jpeg 300w, https:\/\/www.costin-media.de\/wp-content\/uploads\/2020\/08\/cropped-B81CAE02-59E6-487F-901C-D69623704ACC-1024x792.jpeg 1024w, https:\/\/www.costin-media.de\/wp-content\/uploads\/2020\/08\/cropped-B81CAE02-59E6-487F-901C-D69623704ACC-768x594.jpeg 768w, https:\/\/www.costin-media.de\/wp-content\/uploads\/2020\/08\/cropped-B81CAE02-59E6-487F-901C-D69623704ACC-1536x1188.jpeg 1536w, https:\/\/www.costin-media.de\/wp-content\/uploads\/2020\/08\/cropped-B81CAE02-59E6-487F-901C-D69623704ACC-2048x1584.jpeg 2048w, https:\/\/www.costin-media.de\/wp-content\/uploads\/2020\/08\/cropped-B81CAE02-59E6-487F-901C-D69623704ACC-1396x1080.jpeg 1396w\" sizes=\"(max-width: 2560px) 100vw, 2560px\" \/>\n                      <div class=\"h-image__frame h-hide-lg h-hide-md h-hide-sm style-300-frameImage style-local-2232-c9-frameImage\"><\/div>\n                    <\/div>\n                  <\/div>\n                <\/div>\n                <div data-colibri-id=\"2232-c10\" class=\"h-global-transition-all h-heading style-301 style-local-2232-c10 position-relative h-element\">\n                  <!---->\n                  <div class=\"h-heading__outer style-301 style-local-2232-c10\">\n                    <!---->\n                    <!---->\n                    <h4 class=\"\">Individuelle L\u00f6sungen:<\/h4>\n                  <\/div>\n                <\/div>\n                <div data-colibri-id=\"2232-c11\" class=\"h-text h-text-component style-302 style-local-2232-c11 position-relative h-element\">\n                  <!---->\n                  <!---->\n                  <div class=\"\">\n                    <p>Von der ersten Besprechung bis zur Postproduktion passen wir unsere Leistungen exakt an Ihr Budget und Ihre Anforderungen an. Wir arbeiten transparent und erstellen Ihnen einen detaillierten Kostenvoranschlag.<\/p>\n                  <\/div>\n                <\/div>\n              <\/div>\n            <\/div>\n          <\/div>\n          <div class=\"h-column h-column-container d-flex h-col-lg-4 h-col-md-6 h-col-12 style-299-outer style-local-2232-c12-outer\">\n            <div data-colibri-id=\"2232-c12\" class=\"d-flex h-flex-basis h-column__inner h-px-lg-0 h-px-md-0 h-px-0 v-inner-lg-0 v-inner-md-0 v-inner-0 style-299 style-local-2232-c12 position-relative\">\n              <!---->\n              <!---->\n              <div class=\"w-100 h-y-container h-column__content h-column__v-align flex-basis-100 align-self-lg-start align-self-md-start align-self-start\">\n                <!---->\n                <div data-colibri-id=\"2232-c13\" class=\"d-block style-300 style-local-2232-c13 position-relative h-element\">\n                  <!---->\n                  <div class=\"h-image__frame-container-outer\">\n                    <div class=\"h-image__frame-container\">\n                      <!---->\n                      <!---->\n                      <img loading=\"lazy\" decoding=\"async\" width=\"1476\" height=\"1237\" src=\"http:\/\/www.costin-media.de\/wp-content\/uploads\/2020\/08\/cropped-1706D654-D658-4AF2-B317-5897A13523B3.jpeg\" class=\"wp-image-2567 style-300-image style-local-2232-c13-image\" alt=\"\" srcset=\"https:\/\/www.costin-media.de\/wp-content\/uploads\/2020\/08\/cropped-1706D654-D658-4AF2-B317-5897A13523B3.jpeg 1476w, https:\/\/www.costin-media.de\/wp-content\/uploads\/2020\/08\/cropped-1706D654-D658-4AF2-B317-5897A13523B3-300x251.jpeg 300w, https:\/\/www.costin-media.de\/wp-content\/uploads\/2020\/08\/cropped-1706D654-D658-4AF2-B317-5897A13523B3-1024x858.jpeg 1024w, https:\/\/www.costin-media.de\/wp-content\/uploads\/2020\/08\/cropped-1706D654-D658-4AF2-B317-5897A13523B3-768x644.jpeg 768w, https:\/\/www.costin-media.de\/wp-content\/uploads\/2020\/08\/cropped-1706D654-D658-4AF2-B317-5897A13523B3-1289x1080.jpeg 1289w\" sizes=\"(max-width: 1476px) 100vw, 1476px\" \/>\n                      <div class=\"h-image__frame h-hide-lg h-hide-md h-hide-sm style-300-frameImage style-local-2232-c13-frameImage\"><\/div>\n                    <\/div>\n                  <\/div>\n                <\/div>\n                <div data-colibri-id=\"2232-c14\" class=\"h-global-transition-all h-heading style-301 style-local-2232-c14 position-relative h-element\">\n                  <!---->\n                  <div class=\"h-heading__outer style-301 style-local-2232-c14\">\n                    <!---->\n                    <!---->\n                    <h4 class=\"\">Qualit\u00e4t und Zuverl\u00e4ssigkeit:<\/h4>\n                  <\/div>\n                <\/div>\n                <div data-colibri-id=\"2232-c15\" class=\"h-text h-text-component style-302 style-local-2232-c15 position-relative h-element\">\n                  <!---->\n                  <!---->\n                  <div class=\"\">\n                    <p>Zufriedene Stammkunden aus TV, Kino und Industrie sprechen f\u00fcr die Qualit\u00e4t unserer Arbeit. Wir garantieren h\u00f6chste Standards bei der Qualit\u00e4t und der technischen Umsetzung.<\/p>\n                  <\/div>\n                <\/div>\n              <\/div>\n            <\/div>\n          <\/div>\n        <\/div>\n      <\/div>\n    <\/div>\n  <\/div>\n  <div data-colibri-component=\"section\" data-colibri-id=\"2232-c19\" id=\"about-2\" class=\"h-section h-section-global-spacing d-flex align-items-lg-center align-items-md-center align-items-center style-309 style-local-2232-c19 position-relative\">\n    <!---->\n    <!---->\n    <div class=\"h-section-grid-container h-section-boxed-container\">\n      <!---->\n      <div data-colibri-id=\"2232-c20\" class=\"h-row-container gutters-row-lg-2 gutters-row-md-2 gutters-row-2 gutters-row-v-lg-2 gutters-row-v-md-2 gutters-row-v-2 style-310 style-local-2232-c20 position-relative\">\n        <!---->\n        <div class=\"h-row justify-content-lg-center justify-content-md-center justify-content-center align-items-lg-stretch align-items-md-stretch align-items-stretch gutters-col-lg-2 gutters-col-md-2 gutters-col-2 gutters-col-v-lg-2 gutters-col-v-md-2 gutters-col-v-2\">\n          <!---->\n          <div class=\"h-column h-column-container d-flex h-col-lg-auto h-col-md-auto h-col-auto style-311-outer style-local-2232-c21-outer\">\n            <div data-colibri-id=\"2232-c21\" class=\"d-flex h-flex-basis h-column__inner h-px-lg-2 h-px-md-2 h-px-2 v-inner-lg-2 v-inner-md-2 v-inner-2 style-311 style-local-2232-c21 position-relative\">\n              <!---->\n              <!---->\n              <div class=\"w-100 h-y-container h-column__content h-column__v-align flex-basis-100 align-self-lg-center align-self-md-center align-self-center\">\n                <!---->\n                <div data-colibri-id=\"2232-c22\" class=\"h-global-transition-all h-heading style-313 style-local-2232-c22 position-relative h-element\">\n                  <!---->\n                  <div class=\"h-heading__outer style-313 style-local-2232-c22\">\n                    <!---->\n                    <!---->\n                    <h3 class=\"\">Lassen Sie uns \u00fcber Ihr Projekt sprechen. Kontaktieren Sie costin-media noch heute, um Ihren Regisseur oder Kameramann in Mannheim zu buchen. Erwecken Sie Ihre Geschichte visuell zum Leben.<\/h3>\n                  <\/div>\n                <\/div>\n                <div data-colibri-id=\"2232-c23\" class=\"h-lead h-text h-text-component style-314 style-local-2232-c23 position-relative h-element\">\n                  <!---->\n                  <!---->\n                  <div class=\"\">\n                    <p>Jetzt Kontakt aufnehmen und Ihr Projekt starten!<\/p>\n                  <\/div>\n                <\/div>\n              <\/div>\n            <\/div>\n          <\/div>\n          <div class=\"h-column h-column-container d-flex h-col-lg-auto h-col-md-auto h-col-auto style-317-outer style-local-2232-c24-outer\">\n            <div data-colibri-id=\"2232-c24\" class=\"d-flex h-flex-basis h-column__inner h-px-lg-2 h-px-md-2 h-px-2 v-inner-lg-2 v-inner-md-2 v-inner-2 style-317 style-local-2232-c24 position-relative\">\n              <!---->\n              <!---->\n              <div class=\"w-100 h-y-container h-column__content h-column__v-align flex-basis-100 align-self-lg-start align-self-md-start align-self-start\">\n                <!---->\n                <div data-colibri-id=\"2232-c25\" class=\"d-block style-318 style-local-2232-c25 position-relative h-element\">\n                  <!---->\n                  <div class=\"h-image__frame-container-outer\">\n                    <div class=\"h-image__frame-container\">\n                      <!---->\n                      <!---->\n                      <img decoding=\"async\" src=\"https:\/\/www.costin-media.de\/wp-content\/uploads\/2020\/08\/cropped-7DDD4FD5-D692-4EE2-B2C3-DD2D58BFB851-e1597134309493-575x1024.jpeg\" class=\"style-318-image style-local-2232-c25-image\">\n                      <div class=\"h-image__frame h-hide-sm style-318-frameImage style-local-2232-c25-frameImage\"><\/div>\n                    <\/div>\n                  <\/div>\n                <\/div>\n              <\/div>\n            <\/div>\n          <\/div>\n        <\/div>\n      <\/div>\n    <\/div>\n  <\/div>\n  <div data-colibri-component=\"section\" data-colibri-id=\"2232-c26\" id=\"about-3\" class=\"h-section h-section-global-spacing d-flex align-items-lg-center align-items-md-center align-items-center style-344 style-local-2232-c26 position-relative\">\n    <!---->\n    <!---->\n    <div class=\"h-section-grid-container h-section-boxed-container\">\n      <!---->\n      <div data-colibri-id=\"2232-c27\" class=\"h-row-container gutters-row-lg-2 gutters-row-md-2 gutters-row-2 gutters-row-v-lg-2 gutters-row-v-md-2 gutters-row-v-2 style-345 style-local-2232-c27 position-relative\">\n        <!---->\n        <div class=\"h-row justify-content-lg-center justify-content-md-center justify-content-center align-items-lg-stretch align-items-md-stretch align-items-stretch gutters-col-lg-2 gutters-col-md-2 gutters-col-2 gutters-col-v-lg-2 gutters-col-v-md-2 gutters-col-v-2\">\n          <!---->\n          <div class=\"h-column h-column-container d-flex h-col-lg-auto h-col-md-auto h-col-auto style-346-outer style-local-2232-c28-outer\">\n            <div data-colibri-id=\"2232-c28\" class=\"d-flex h-flex-basis h-column__inner h-px-lg-2 h-px-md-2 h-px-2 v-inner-lg-2 v-inner-md-2 v-inner-2 style-346 style-local-2232-c28 position-relative\">\n              <!---->\n              <!---->\n              <div class=\"w-100 h-y-container h-column__content h-column__v-align flex-basis-100 align-self-lg-center align-self-md-center align-self-center\">\n                <!---->\n                <div data-colibri-id=\"2232-c29\" class=\"h-global-transition-all h-heading style-348 style-local-2232-c29 position-relative h-element\">\n                  <!---->\n                  <div class=\"h-heading__outer style-348 style-local-2232-c29\">\n                    <!---->\n                    <!---->\n                    <h2 class=\"\">&#8222;FERNSEHEN IST DIE RACHE DES THEATERS AN DER FILMINDUSTRIE&#8220;<\/h2>\n                  <\/div>\n                <\/div>\n                <div data-colibri-id=\"2232-c30\" class=\"h-lead h-text h-text-component style-349 style-local-2232-c30 position-relative h-element\">\n                  <!---->\n                  <!---->\n                  <div class=\"\">\n                    <p><span style=\"font-weight: 400; font-size: 20px; font-family: &quot;Nunito Sans&quot;; color: rgb(28, 28, 36);\">Sir Peter Ustinov<\/span><\/p>\n                  <\/div>\n                <\/div>\n              <\/div>\n            <\/div>\n          <\/div>\n          <div class=\"h-column h-column-container d-flex h-col-lg-auto h-col-md-auto h-col-auto style-352-outer style-local-2232-c31-outer\">\n            <div data-colibri-id=\"2232-c31\" class=\"d-flex h-flex-basis h-column__inner h-px-lg-2 h-px-md-2 h-px-2 v-inner-lg-2 v-inner-md-2 v-inner-2 style-352 style-local-2232-c31 position-relative\">\n              <!---->\n              <!---->\n              <div class=\"w-100 h-y-container h-column__content h-column__v-align flex-basis-100 align-self-lg-center align-self-md-center align-self-center\">\n                <!---->\n                <div data-colibri-id=\"2232-c32\" class=\"d-block style-353 style-local-2232-c32 position-relative h-element\">\n                  <!---->\n                  <div class=\"h-image__frame-container-outer\">\n                    <div class=\"h-image__frame-container\">\n                      <!---->\n                      <!---->\n                      <img loading=\"lazy\" decoding=\"async\" width=\"400\" height=\"544\" src=\"http:\/\/www.costin-media.de\/wp-content\/uploads\/2014\/09\/cropped-cropped-costin-media-Sony-c100-Kameramann-Koeln.jpg\" class=\"wp-image-2573 style-353-image style-local-2232-c32-image\" alt=\"\" srcset=\"https:\/\/www.costin-media.de\/wp-content\/uploads\/2014\/09\/cropped-cropped-costin-media-Sony-c100-Kameramann-Koeln.jpg 400w, https:\/\/www.costin-media.de\/wp-content\/uploads\/2014\/09\/cropped-cropped-costin-media-Sony-c100-Kameramann-Koeln-221x300.jpg 221w\" sizes=\"(max-width: 400px) 100vw, 400px\" \/>\n                      <div class=\"h-image__frame h-hide-sm style-353-frameImage style-local-2232-c32-frameImage\"><\/div>\n                    <\/div>\n                  <\/div>\n                <\/div>\n              <\/div>\n            <\/div>\n          <\/div>\n        <\/div>\n      <\/div>\n    <\/div>\n  <\/div>\n<\/div>","protected":false},"excerpt":{"rendered":"<p>A few things we&#8217;re great at Erfahrung, die z\u00e4hlt: \u00dcber zwei Jahrzehnte in der Branche bedeuten Routine in komplexen Situationen und ein geschultes Auge f\u00fcr die perfekte Einstellung. Wir sind nicht nur Regisseur oder Kameramann, sondern auch Ihr technischer Berater f\u00fcr die gesamte Filmproduktion. Individuelle L\u00f6sungen: Von der ersten Besprechung bis zur Postproduktion passen wir [&hellip;]<\/p>\n","protected":false},"author":1,"featured_media":0,"parent":373,"menu_order":0,"comment_status":"closed","ping_status":"closed","template":"page-templates\/homepage.php","meta":{"saved_in_kubio":true,"footnotes":""},"class_list":["post-2232","page","type-page","status-publish","hentry"],"aioseo_notices":[],"kubio_ai_page_context":{"short_desc":"","purpose":"general"},"_links":{"self":[{"href":"https:\/\/www.costin-media.de\/index.php\/wp-json\/wp\/v2\/pages\/2232","targetHints":{"allow":["GET"]}}],"collection":[{"href":"https:\/\/www.costin-media.de\/index.php\/wp-json\/wp\/v2\/pages"}],"about":[{"href":"https:\/\/www.costin-media.de\/index.php\/wp-json\/wp\/v2\/types\/page"}],"author":[{"embeddable":true,"href":"https:\/\/www.costin-media.de\/index.php\/wp-json\/wp\/v2\/users\/1"}],"replies":[{"embeddable":true,"href":"https:\/\/www.costin-media.de\/index.php\/wp-json\/wp\/v2\/comments?post=2232"}],"version-history":[{"count":11,"href":"https:\/\/www.costin-media.de\/index.php\/wp-json\/wp\/v2\/pages\/2232\/revisions"}],"predecessor-version":[{"id":2577,"href":"https:\/\/www.costin-media.de\/index.php\/wp-json\/wp\/v2\/pages\/2232\/revisions\/2577"}],"up":[{"embeddable":true,"href":"https:\/\/www.costin-media.de\/index.php\/wp-json\/wp\/v2\/pages\/373"}],"wp:attachment":[{"href":"https:\/\/www.costin-media.de\/index.php\/wp-json\/wp\/v2\/media?parent=2232"}],"curies":[{"name":"wp","href":"https:\/\/api.w.org\/{rel}","templated":true}]}}