{"id":1865,"date":"2014-09-18T10:08:12","date_gmt":"2014-09-18T08:08:12","guid":{"rendered":"http:\/\/www.costin-media.de\/?page_id=1865"},"modified":"2025-12-05T02:09:57","modified_gmt":"2025-12-05T01:09:57","slug":"musikvideos-live-konzerte","status":"publish","type":"page","link":"https:\/\/www.costin-media.de\/index.php\/dienstleistungen\/musikvideos-live-konzerte","title":{"rendered":"Musikvideos \/ Live-Konzerte"},"content":{"rendered":"<p><strong><span style=\"font-size: 14pt;\">Musikvideos \/ Aufzeichnung bei Live-Konzerten von costin-media Mannheim<\/span><\/strong><\/p>\n<p>In den letzten Jahrzehnten hat sich die Medienwelt besonders f\u00fcr Musiker rasch gewandelt. So sind in der Musikbranche Downloads und Likes genauso wichtig wie Plattenverk\u00e4ufe geworden. Auch haben die gro\u00dfen Musiksender und herk\u00f6mmliche Radiostationen an Einflu\u00df verloren. Inzwischen ist es in jeder Musikrichtung Alltag, die sozialen Netzwerke im Internet zu nutzen. Das gilt f\u00fcr kleinere und unbekanntere K\u00fcnstler genauso wie f\u00fcr die internationalen Musikstars. Dabei gibt es breites Spektrum abzudecken, jedes Musikgenre hat seine spezielle Bildsprache.<br \/>\nDie Musiksender, Radiostationen und die Plattenlabel spielen immer noch eine wichtige Rolle\u00a0in der Musikbranche.<br \/>\nAber genauso hat das Internet schon seine eigenen Stars auf Plattformen wie Youtube, Twitter, Facebook, Myspace oder Instagram geschaffen.<br \/>\nOft werden neben markt\u00fcblichen Musikvideos oder Konzertvideos auch spezielle Kundenideen von costin-media verwirklicht. Das kann z.B. einen Trailer in dem K\u00f6lner Greenboxstudio diefarbenull beinhalten<br \/>\n(<em><a title=\"diefarbenull\" href=\"http:\/\/diefarbenull.de\/greenbox_studio.html\" target=\"_blank\" rel=\"noopener\">diefarbenull.de<\/a><\/em>), oder auch ein \u201eBehind the Scenes\u201c Dreh im dokumentarischen Stil, um den<br \/>\nZuschauern die N\u00e4he zum K\u00fcnstler zu vermitteln.<br \/>\nOder ist es Ihre kreative Idee, die costin-media demn\u00e4chst verwirklicht ?<br \/>\nDabei wird die komplette Produktion von costin-media \u00fcbernommen (Konzept und Planung, Kamera, Regie, Schnitt und Verbreitung).<br \/>\nSo kann sich der K\u00fcnstler komplett auf seine Performance konzentrieren.<br \/>\nEin reichhaltiger Erfahrungsschatz mit bekannten Musikern, TV Sendern oder Kunden im Bereich von Musikvideos und Konzertvideos in K\u00f6ln\u00a0machen costin-media zu Ihrem idealen Partner in\u00a0der Domstadt.<br \/>\nUm als K\u00fcnstler auf sich aufmerksam zu machen, ist ein Musikvideo oder ein Konzertvideo ein Muss.<br \/>\nDabei spielen nat\u00fcrlich die\u00a0Kundenw\u00fcnsche und das Budget eine wesentliche Rolle.<br \/>\nLassen Sie sich dazu pers\u00f6nlich von costin-media beraten.<\/p>\n<p><iframe loading=\"lazy\" title=\"60 60 Ich Rolle\" width=\"500\" height=\"281\" src=\"https:\/\/www.youtube.com\/embed\/bTRWttGxuEY?feature=oembed\" frameborder=\"0\" allow=\"accelerometer; autoplay; clipboard-write; encrypted-media; gyroscope; picture-in-picture; web-share\" referrerpolicy=\"strict-origin-when-cross-origin\" allowfullscreen><\/iframe><\/p>\n","protected":false},"excerpt":{"rendered":"<p>Musikvideos \/ Aufzeichnung bei Live-Konzerten von costin-media Mannheim In den letzten Jahrzehnten hat sich die Medienwelt besonders f\u00fcr Musiker rasch gewandelt. So sind in der Musikbranche Downloads und Likes genauso wichtig wie Plattenverk\u00e4ufe geworden. Auch haben die gro\u00dfen Musiksender und herk\u00f6mmliche Radiostationen an Einflu\u00df verloren. Inzwischen ist es in jeder Musikrichtung Alltag, die sozialen Netzwerke [&hellip;]<\/p>\n","protected":false},"author":1,"featured_media":0,"parent":1826,"menu_order":0,"comment_status":"closed","ping_status":"closed","template":"","meta":{"saved_in_kubio":false,"footnotes":""},"class_list":["post-1865","page","type-page","status-publish","hentry"],"aioseo_notices":[],"kubio_ai_page_context":{"short_desc":"","purpose":"general"},"_links":{"self":[{"href":"https:\/\/www.costin-media.de\/index.php\/wp-json\/wp\/v2\/pages\/1865","targetHints":{"allow":["GET"]}}],"collection":[{"href":"https:\/\/www.costin-media.de\/index.php\/wp-json\/wp\/v2\/pages"}],"about":[{"href":"https:\/\/www.costin-media.de\/index.php\/wp-json\/wp\/v2\/types\/page"}],"author":[{"embeddable":true,"href":"https:\/\/www.costin-media.de\/index.php\/wp-json\/wp\/v2\/users\/1"}],"replies":[{"embeddable":true,"href":"https:\/\/www.costin-media.de\/index.php\/wp-json\/wp\/v2\/comments?post=1865"}],"version-history":[{"count":0,"href":"https:\/\/www.costin-media.de\/index.php\/wp-json\/wp\/v2\/pages\/1865\/revisions"}],"up":[{"embeddable":true,"href":"https:\/\/www.costin-media.de\/index.php\/wp-json\/wp\/v2\/pages\/1826"}],"wp:attachment":[{"href":"https:\/\/www.costin-media.de\/index.php\/wp-json\/wp\/v2\/media?parent=1865"}],"curies":[{"name":"wp","href":"https:\/\/api.w.org\/{rel}","templated":true}]}}