{"id":1440,"date":"2014-01-31T17:13:59","date_gmt":"2014-01-31T15:13:59","guid":{"rendered":"http:\/\/www.costin-media.de\/?page_id=1440"},"modified":"2025-12-05T02:10:03","modified_gmt":"2025-12-05T01:10:03","slug":"remote-kamera","status":"publish","type":"page","link":"https:\/\/www.costin-media.de\/index.php\/dienstleistungen\/remote-kamera","title":{"rendered":"Remote Kamera"},"content":{"rendered":"\n<p><span style=\"font-size: 16px;\"><strong>Remote Kamera costin-media Mannheim<\/strong><\/span><\/p>\n\n\n\n<p>Das Spektrum der Videoproduktionen ist sehr vielseitig geworden.<br><span style=\"line-height: 1.5em;\">Dabei gibt es viele Arten von Veranstaltungen, von klein bis gro\u00df.<br>In den letzten Jahren haben sich immer mehr Remote Kamera Produktionen durchgesetzt und auf dem Markt etabliert.<br><\/span>Hier gibt es die M\u00f6glichkeit Mehr-Kameraproduktionen zu einem erheblich g\u00fcnstigerem Preis zu produzieren.<br>Dabei richtet sich alles nat\u00fcrlich nach den Kundenw\u00fcnschen. Auch gibt es die M\u00f6glichkeit einer Remote Regie.<br>Privatkunden bietet costin-media nat\u00fcrlich auch an, Ihr besonderes Ereignis fotografisch oder filmisch zu begleiten<span style=\"line-height: 1.5em;\">.<\/span><br>Preise auf Anfrage<\/p>\n\n\n\n<figure class=\"wp-block-embed is-type-video is-provider-youtube wp-block-embed-youtube wp-embed-aspect-16-9 wp-has-aspect-ratio\"><div class=\"wp-block-embed__wrapper\">\n<iframe loading=\"lazy\" title=\"Cedric gewinnt Big Brother 2020! | Big Brother | SAT.1\" width=\"500\" height=\"281\" src=\"https:\/\/www.youtube.com\/embed\/Vp7IBmUkGhc?feature=oembed\" frameborder=\"0\" allow=\"accelerometer; autoplay; clipboard-write; encrypted-media; gyroscope; picture-in-picture; web-share\" referrerpolicy=\"strict-origin-when-cross-origin\" allowfullscreen><\/iframe>\n<\/div><\/figure>\n\n\n<div class=\"wp-block-image\">\n<figure class=\"aligncenter is-resized\"><a href=\"http:\/\/www.costin-media.de\/wp-content\/uploads\/2020\/08\/962E1A26-05B9-48D3-B2B2-546A091A6DFA.jpeg\" data-rel=\"lightbox-image-0\" data-rl_title=\"\" data-rl_caption=\"\" title=\"\"><img loading=\"lazy\" decoding=\"async\" width=\"225\" height=\"300\" src=\"http:\/\/www.costin-media.de\/wp-content\/uploads\/2020\/08\/962E1A26-05B9-48D3-B2B2-546A091A6DFA-225x300.jpeg\" alt=\"\" class=\"wp-image-2026\" style=\"width:429px;height:auto\" srcset=\"https:\/\/www.costin-media.de\/wp-content\/uploads\/2020\/08\/962E1A26-05B9-48D3-B2B2-546A091A6DFA-225x300.jpeg 225w, https:\/\/www.costin-media.de\/wp-content\/uploads\/2020\/08\/962E1A26-05B9-48D3-B2B2-546A091A6DFA-768x1024.jpeg 768w, https:\/\/www.costin-media.de\/wp-content\/uploads\/2020\/08\/962E1A26-05B9-48D3-B2B2-546A091A6DFA-600x800.jpeg 600w, https:\/\/www.costin-media.de\/wp-content\/uploads\/2020\/08\/962E1A26-05B9-48D3-B2B2-546A091A6DFA-940x1253.jpeg 940w, https:\/\/www.costin-media.de\/wp-content\/uploads\/2020\/08\/962E1A26-05B9-48D3-B2B2-546A091A6DFA-2000x2667.jpeg 2000w, https:\/\/www.costin-media.de\/wp-content\/uploads\/2020\/08\/962E1A26-05B9-48D3-B2B2-546A091A6DFA-1152x1536.jpeg 1152w, https:\/\/www.costin-media.de\/wp-content\/uploads\/2020\/08\/962E1A26-05B9-48D3-B2B2-546A091A6DFA-1536x2048.jpeg 1536w\" sizes=\"(max-width: 225px) 100vw, 225px\" \/><\/a><\/figure>\n<\/div>\n\n\n<p><\/p>\n\n\n<div class=\"wp-block-image\">\n<figure class=\"aligncenter is-resized\"><a href=\"http:\/\/www.costin-media.de\/wp-content\/uploads\/2020\/08\/AF008AE8-7946-4303-B12F-69769BA4210F.jpeg\" data-rel=\"lightbox-image-1\" data-rl_title=\"\" data-rl_caption=\"\" title=\"\"><img loading=\"lazy\" decoding=\"async\" width=\"1024\" height=\"768\" src=\"http:\/\/www.costin-media.de\/wp-content\/uploads\/2020\/08\/AF008AE8-7946-4303-B12F-69769BA4210F-1024x768.jpeg\" alt=\"\" class=\"wp-image-2015\" style=\"width:600px;height:auto\" srcset=\"https:\/\/www.costin-media.de\/wp-content\/uploads\/2020\/08\/AF008AE8-7946-4303-B12F-69769BA4210F-1024x768.jpeg 1024w, https:\/\/www.costin-media.de\/wp-content\/uploads\/2020\/08\/AF008AE8-7946-4303-B12F-69769BA4210F-300x225.jpeg 300w, https:\/\/www.costin-media.de\/wp-content\/uploads\/2020\/08\/AF008AE8-7946-4303-B12F-69769BA4210F-768x576.jpeg 768w, https:\/\/www.costin-media.de\/wp-content\/uploads\/2020\/08\/AF008AE8-7946-4303-B12F-69769BA4210F-600x450.jpeg 600w, https:\/\/www.costin-media.de\/wp-content\/uploads\/2020\/08\/AF008AE8-7946-4303-B12F-69769BA4210F-940x705.jpeg 940w, https:\/\/www.costin-media.de\/wp-content\/uploads\/2020\/08\/AF008AE8-7946-4303-B12F-69769BA4210F-2048x1536.jpeg 2048w, https:\/\/www.costin-media.de\/wp-content\/uploads\/2020\/08\/AF008AE8-7946-4303-B12F-69769BA4210F-2000x1500.jpeg 2000w, https:\/\/www.costin-media.de\/wp-content\/uploads\/2020\/08\/AF008AE8-7946-4303-B12F-69769BA4210F-1536x1152.jpeg 1536w\" sizes=\"(max-width: 1024px) 100vw, 1024px\" \/><\/a><\/figure>\n<\/div>\n\n\n<p><\/p>\n","protected":false},"excerpt":{"rendered":"<p>Remote Kamera costin-media Mannheim Das Spektrum der Videoproduktionen ist sehr vielseitig geworden.Dabei gibt es viele Arten von Veranstaltungen, von klein bis gro\u00df.In den letzten Jahren haben sich immer mehr Remote Kamera Produktionen durchgesetzt und auf dem Markt etabliert.Hier gibt es die M\u00f6glichkeit Mehr-Kameraproduktionen zu einem erheblich g\u00fcnstigerem Preis zu produzieren.Dabei richtet sich alles nat\u00fcrlich nach [&hellip;]<\/p>\n","protected":false},"author":1,"featured_media":0,"parent":1826,"menu_order":0,"comment_status":"closed","ping_status":"closed","template":"","meta":{"saved_in_kubio":false,"footnotes":""},"class_list":["post-1440","page","type-page","status-publish","hentry"],"aioseo_notices":[],"kubio_ai_page_context":{"short_desc":"","purpose":"general"},"_links":{"self":[{"href":"https:\/\/www.costin-media.de\/index.php\/wp-json\/wp\/v2\/pages\/1440","targetHints":{"allow":["GET"]}}],"collection":[{"href":"https:\/\/www.costin-media.de\/index.php\/wp-json\/wp\/v2\/pages"}],"about":[{"href":"https:\/\/www.costin-media.de\/index.php\/wp-json\/wp\/v2\/types\/page"}],"author":[{"embeddable":true,"href":"https:\/\/www.costin-media.de\/index.php\/wp-json\/wp\/v2\/users\/1"}],"replies":[{"embeddable":true,"href":"https:\/\/www.costin-media.de\/index.php\/wp-json\/wp\/v2\/comments?post=1440"}],"version-history":[{"count":0,"href":"https:\/\/www.costin-media.de\/index.php\/wp-json\/wp\/v2\/pages\/1440\/revisions"}],"up":[{"embeddable":true,"href":"https:\/\/www.costin-media.de\/index.php\/wp-json\/wp\/v2\/pages\/1826"}],"wp:attachment":[{"href":"https:\/\/www.costin-media.de\/index.php\/wp-json\/wp\/v2\/media?parent=1440"}],"curies":[{"name":"wp","href":"https:\/\/api.w.org\/{rel}","templated":true}]}}