{"id":1432,"date":"2014-01-31T17:12:26","date_gmt":"2014-01-31T15:12:26","guid":{"rendered":"http:\/\/www.costin-media.de\/?page_id=1432"},"modified":"2025-12-05T02:09:31","modified_gmt":"2025-12-05T01:09:31","slug":"imagefilme","status":"publish","type":"page","link":"http:\/\/www.costin-media.de\/index.php\/dienstleistungen\/imagefilme","title":{"rendered":"Imagefilme"},"content":{"rendered":"\n<p><span style=\"font-size: 16px;\"><strong><span style=\"line-height: 1.5em;\">costin-media Imagefilme: Imagefilm Produktion Mannheim<\/span><\/strong><\/span><\/p>\n\n\n\n<p>Es gibt verschiedene Formen von Imagefilmen. Costin-Media bietet Imagefilm Produktion in Mannheim an. Manche sind \u00f6ffentlich (z.B. auf der Homepage), andere sind nur firmenintern (z.B. Firmen-TV &amp; Schulungsfilme). costin-media ber\u00e4t Sie gerne in einem Gespr\u00e4ch zu diesem Thema.<br><\/p>\n\n\n\n<p>Durch zahlreiche internationale Erfahrungen in diesem Bereich (z.B. mit LG Electronics) ist es costin-media m\u00f6glich, das beste und passendste Produkt f\u00fcr Ihre Firma optimal zu pr\u00e4sentieren.\u00a0Nat\u00fcrlich wird hier auch zwischen kleinen-, mittleren- oder gro\u00dfen international t\u00e4tigen Unternehmen differenziert. Nicht jeder m\u00f6chte oder braucht hier dasselbe Leistungspaket. <br>Aber auch hier gilt : Visualisierung hilft jedem trockenem Thema. So behalten und verstehen die Zuschauer eines Imagefilms Zusammenh\u00e4nge, Produktionsabl\u00e4ufe und Schulungen viel besser.<\/p>\n\n\n\n<p>Preise auf Anfrage<\/p>\n\n\n\n<figure class=\"wp-block-embed is-type-video is-provider-youtube wp-block-embed-youtube wp-embed-aspect-16-9 wp-has-aspect-ratio\"><div class=\"wp-block-embed__wrapper\">\n<iframe loading=\"lazy\" title=\"Imagetrailer costin media\" width=\"500\" height=\"281\" src=\"https:\/\/www.youtube.com\/embed\/RwbVNUSJowM?feature=oembed\" frameborder=\"0\" allow=\"accelerometer; autoplay; clipboard-write; encrypted-media; gyroscope; picture-in-picture; web-share\" referrerpolicy=\"strict-origin-when-cross-origin\" allowfullscreen><\/iframe>\n<\/div><\/figure>\n\n\n\n<p><\/p>\n\n\n\n<figure class=\"wp-block-embed is-type-video is-provider-youtube wp-block-embed-youtube wp-embed-aspect-16-9 wp-has-aspect-ratio\"><div class=\"wp-block-embed__wrapper\">\n<iframe loading=\"lazy\" title=\"KICKBOXEN HARA K\u00f6ln     filmed by costin-media\" width=\"500\" height=\"281\" src=\"https:\/\/www.youtube.com\/embed\/AB5vrNgRZ2I?feature=oembed\" frameborder=\"0\" allow=\"accelerometer; autoplay; clipboard-write; encrypted-media; gyroscope; picture-in-picture; web-share\" referrerpolicy=\"strict-origin-when-cross-origin\" allowfullscreen><\/iframe>\n<\/div><\/figure>\n\n\n\n<p><\/p>\n\n\n\n<figure class=\"wp-block-embed is-type-video is-provider-youtube wp-block-embed-youtube wp-embed-aspect-16-9 wp-has-aspect-ratio\"><div class=\"wp-block-embed__wrapper\">\n<iframe loading=\"lazy\" title=\"KARATE HARA K\u00f6ln     filmed by costin-media\" width=\"500\" height=\"281\" src=\"https:\/\/www.youtube.com\/embed\/pplxIEoUVms?feature=oembed\" frameborder=\"0\" allow=\"accelerometer; autoplay; clipboard-write; encrypted-media; gyroscope; picture-in-picture; web-share\" referrerpolicy=\"strict-origin-when-cross-origin\" allowfullscreen><\/iframe>\n<\/div><\/figure>\n\n\n\n<p><\/p>\n\n\n\n<figure class=\"wp-block-embed is-type-video is-provider-youtube wp-block-embed-youtube wp-embed-aspect-16-9 wp-has-aspect-ratio\"><div class=\"wp-block-embed__wrapper\">\n<iframe loading=\"lazy\" title=\"JIU-JITSU HARA K\u00f6ln     filmed by costin-media\" width=\"500\" height=\"281\" src=\"https:\/\/www.youtube.com\/embed\/i3YKNYUjN4Q?feature=oembed\" frameborder=\"0\" allow=\"accelerometer; autoplay; clipboard-write; encrypted-media; gyroscope; picture-in-picture; web-share\" referrerpolicy=\"strict-origin-when-cross-origin\" allowfullscreen><\/iframe>\n<\/div><\/figure>\n\n\n\n<p><\/p>\n\n\n\n<figure class=\"wp-block-embed is-type-video is-provider-youtube wp-block-embed-youtube wp-embed-aspect-16-9 wp-has-aspect-ratio\"><div class=\"wp-block-embed__wrapper\">\n<iframe loading=\"lazy\" title=\"JIU-JITSU HARA K\u00f6ln     filmed by costin-media\" width=\"500\" height=\"281\" src=\"https:\/\/www.youtube.com\/embed\/i3YKNYUjN4Q?feature=oembed\" frameborder=\"0\" allow=\"accelerometer; autoplay; clipboard-write; encrypted-media; gyroscope; picture-in-picture; web-share\" referrerpolicy=\"strict-origin-when-cross-origin\" allowfullscreen><\/iframe>\n<\/div><\/figure>\n\n\n\n<p><\/p>\n\n\n\n<figure class=\"wp-block-embed is-type-video is-provider-youtube wp-block-embed-youtube wp-embed-aspect-16-9 wp-has-aspect-ratio\"><div class=\"wp-block-embed__wrapper\">\n<iframe loading=\"lazy\" title=\"Role Play Convention 2009\" width=\"500\" height=\"281\" src=\"https:\/\/www.youtube.com\/embed\/e_fQoRiU1Tc?feature=oembed\" frameborder=\"0\" allow=\"accelerometer; autoplay; clipboard-write; encrypted-media; gyroscope; picture-in-picture; web-share\" referrerpolicy=\"strict-origin-when-cross-origin\" allowfullscreen><\/iframe>\n<\/div><\/figure>\n","protected":false},"excerpt":{"rendered":"<p>costin-media Imagefilme: Imagefilm Produktion Mannheim Es gibt verschiedene Formen von Imagefilmen. Costin-Media bietet Imagefilm Produktion in Mannheim an. Manche sind \u00f6ffentlich (z.B. auf der Homepage), andere sind nur firmenintern (z.B. Firmen-TV &amp; Schulungsfilme). costin-media ber\u00e4t Sie gerne in einem Gespr\u00e4ch zu diesem Thema. Durch zahlreiche internationale Erfahrungen in diesem Bereich (z.B. mit LG Electronics) ist [&hellip;]<\/p>\n","protected":false},"author":1,"featured_media":0,"parent":1826,"menu_order":0,"comment_status":"closed","ping_status":"closed","template":"","meta":{"saved_in_kubio":false,"footnotes":""},"class_list":["post-1432","page","type-page","status-publish","hentry"],"aioseo_notices":[],"kubio_ai_page_context":{"short_desc":"","purpose":"general"},"_links":{"self":[{"href":"http:\/\/www.costin-media.de\/index.php\/wp-json\/wp\/v2\/pages\/1432","targetHints":{"allow":["GET"]}}],"collection":[{"href":"http:\/\/www.costin-media.de\/index.php\/wp-json\/wp\/v2\/pages"}],"about":[{"href":"http:\/\/www.costin-media.de\/index.php\/wp-json\/wp\/v2\/types\/page"}],"author":[{"embeddable":true,"href":"http:\/\/www.costin-media.de\/index.php\/wp-json\/wp\/v2\/users\/1"}],"replies":[{"embeddable":true,"href":"http:\/\/www.costin-media.de\/index.php\/wp-json\/wp\/v2\/comments?post=1432"}],"version-history":[{"count":0,"href":"http:\/\/www.costin-media.de\/index.php\/wp-json\/wp\/v2\/pages\/1432\/revisions"}],"up":[{"embeddable":true,"href":"http:\/\/www.costin-media.de\/index.php\/wp-json\/wp\/v2\/pages\/1826"}],"wp:attachment":[{"href":"http:\/\/www.costin-media.de\/index.php\/wp-json\/wp\/v2\/media?parent=1432"}],"curies":[{"name":"wp","href":"https:\/\/api.w.org\/{rel}","templated":true}]}}